{"id":6914,"date":"2023-02-02T16:20:02","date_gmt":"2023-02-02T16:20:02","guid":{"rendered":"https:\/\/perfogroup.ch\/?page_id=6914"},"modified":"2025-07-11T07:53:19","modified_gmt":"2025-07-11T07:53:19","slug":"warenrucksendung","status":"publish","type":"page","link":"https:\/\/perfogroup.ch\/de\/retour-de-materiel\/","title":{"rendered":"Warenr\u00fccksendung"},"content":{"rendered":"<div data-elementor-type=\"wp-page\" data-elementor-id=\"6914\" class=\"elementor elementor-6914\" data-elementor-post-type=\"page\">\n\t\t\t\t<div class=\"elementor-element elementor-element-e3eef2d e-flex e-con-boxed e-con e-parent\" data-id=\"e3eef2d\" data-element_type=\"container\" data-e-type=\"container\">\n\t\t\t\t\t<div class=\"e-con-inner\">\n\t\t<div class=\"elementor-element elementor-element-39ccbc0 e-con-full e-flex e-con e-child\" data-id=\"39ccbc0\" data-element_type=\"container\" data-e-type=\"container\">\n\t\t\t\t<div class=\"elementor-element elementor-element-b09c54d elementor-widget elementor-widget-heading\" data-id=\"b09c54d\" data-element_type=\"widget\" data-e-type=\"widget\" data-widget_type=\"heading.default\">\n\t\t\t\t<div class=\"elementor-widget-container\">\n\t\t\t\t\t<h1 class=\"elementor-heading-title elementor-size-default\">Waren-r\u00fccksendung<\/h1>\t\t\t\t<\/div>\n\t\t\t\t<\/div>\n\t\t\t\t<div class=\"elementor-element elementor-element-7d6d0fe elementor-widget-divider--view-line elementor-widget elementor-widget-divider\" data-id=\"7d6d0fe\" data-element_type=\"widget\" data-e-type=\"widget\" data-widget_type=\"divider.default\">\n\t\t\t\t<div class=\"elementor-widget-container\">\n\t\t\t\t\t\t\t<div class=\"elementor-divider\">\n\t\t\t<span class=\"elementor-divider-separator\">\n\t\t\t\t\t\t<\/span>\n\t\t<\/div>\n\t\t\t\t\t\t<\/div>\n\t\t\t\t<\/div>\n\t\t\t\t<div class=\"elementor-element elementor-element-d6a4be3 elementor-widget elementor-widget-text-editor\" data-id=\"d6a4be3\" data-element_type=\"widget\" data-e-type=\"widget\" data-widget_type=\"text-editor.default\">\n\t\t\t\t<div class=\"elementor-widget-container\">\n\t\t\t\t\t\t\t\t\t<p>Klicken Sie auf den Button, um unser Warenr\u00fccksendeformular aufzurufen.<\/p>\t\t\t\t\t\t\t\t<\/div>\n\t\t\t\t<\/div>\n\t\t\t\t<div class=\"elementor-element elementor-element-934cd07 elementor-button-info elementor-align-left elementor-widget elementor-widget-button\" data-id=\"934cd07\" data-element_type=\"widget\" data-e-type=\"widget\" data-widget_type=\"button.default\">\n\t\t\t\t<div class=\"elementor-widget-container\">\n\t\t\t\t\t\t\t\t\t<div class=\"elementor-button-wrapper\">\n\t\t\t\t\t<a class=\"elementor-button elementor-button-link elementor-size-lg\" href=\"\/wp-content\/uploads\/PG_Retours\/E_0026_Warenruecksendung.pdf\" target=\"_blank\">\n\t\t\t\t\t\t<span class=\"elementor-button-content-wrapper\">\n\t\t\t\t\t\t\t\t\t<span class=\"elementor-button-text\">Zum Formular<\/span>\n\t\t\t\t\t<\/span>\n\t\t\t\t\t<\/a>\n\t\t\t\t<\/div>\n\t\t\t\t\t\t\t\t<\/div>\n\t\t\t\t<\/div>\n\t\t\t\t<\/div>\n\t\t<div class=\"elementor-element elementor-element-2aa4c4d e-con-full e-flex e-con e-child\" data-id=\"2aa4c4d\" data-element_type=\"container\" data-e-type=\"container\" data-settings=\"{&quot;background_background&quot;:&quot;classic&quot;}\">\n\t\t\t\t<div class=\"elementor-element elementor-element-e4e4f8b elementor-widget elementor-widget-heading\" data-id=\"e4e4f8b\" data-element_type=\"widget\" data-e-type=\"widget\" data-widget_type=\"heading.default\">\n\t\t\t\t<div class=\"elementor-widget-container\">\n\t\t\t\t\t<h2 class=\"elementor-heading-title elementor-size-default\">Sie finden keine Antwort auf Ihre Frage? \nRufen Sie uns an!<\/h2>\t\t\t\t<\/div>\n\t\t\t\t<\/div>\n\t\t\t\t<div class=\"elementor-element elementor-element-18d0a3a elementor-position-inline-start elementor-mobile-position-inline-start elementor-view-default elementor-widget elementor-widget-icon-box\" data-id=\"18d0a3a\" data-element_type=\"widget\" data-e-type=\"widget\" data-widget_type=\"icon-box.default\">\n\t\t\t\t<div class=\"elementor-widget-container\">\n\t\t\t\t\t\t\t<div class=\"elementor-icon-box-wrapper\">\n\n\t\t\t\t\t\t<div class=\"elementor-icon-box-icon\">\n\t\t\t\t<a href=\"tel:0041582558200\" class=\"elementor-icon\" tabindex=\"-1\" aria-label=\"+41 58 255 82 00 - (FR - DE)\">\n\t\t\t\t<i aria-hidden=\"true\" class=\"fas fa-phone-alt\"><\/i>\t\t\t\t<\/a>\n\t\t\t<\/div>\n\t\t\t\n\t\t\t\t\t\t<div class=\"elementor-icon-box-content\">\n\n\t\t\t\t\t\t\t\t\t<div class=\"elementor-icon-box-title\">\n\t\t\t\t\t\t<a href=\"tel:0041582558200\" >\n\t\t\t\t\t\t\t+41 58 255 82 00 - (FR - DE)\t\t\t\t\t\t<\/a>\n\t\t\t\t\t<\/div>\n\t\t\t\t\n\t\t\t\t\n\t\t\t<\/div>\n\t\t\t\n\t\t<\/div>\n\t\t\t\t\t\t<\/div>\n\t\t\t\t<\/div>\n\t\t\t\t<\/div>\n\t\t\t\t\t<\/div>\n\t\t\t\t<\/div>\n\t\t<section class=\"elementor-element elementor-element-a76d270 e-flex e-con-boxed e-con e-parent\" data-id=\"a76d270\" data-element_type=\"container\" data-e-type=\"container\">\n\t\t\t\t\t<div class=\"e-con-inner\">\n\t\t<div class=\"elementor-element elementor-element-f035aed e-con-full e-flex e-con e-child\" data-id=\"f035aed\" data-element_type=\"container\" data-e-type=\"container\" data-settings=\"{&quot;background_background&quot;:&quot;classic&quot;,&quot;animation&quot;:&quot;none&quot;}\">\n\t\t\t\t<div class=\"elementor-element elementor-element-e881d57 elementor-widget elementor-widget-text-editor\" data-id=\"e881d57\" data-element_type=\"widget\" data-e-type=\"widget\" data-widget_type=\"text-editor.default\">\n\t\t\t\t<div class=\"elementor-widget-container\">\n\t\t\t\t\t\t\t\t\t<p>Bevor Sie Ware an uns zur\u00fccksenden, lesen Sie bitte unsere R\u00fccknahmebedingungen sowie unsere R\u00fccknahmekriterien.<\/p><p>Mithilfe des Lieferscheins, den Sie mit der Ware erhalten haben, k\u00f6nnen Sie alle Felder des Formulars, das der R\u00fccksendung beigef\u00fcgt wird, problemlos ausf\u00fcllen.<\/p><p>Eine ordnungsgem\u00e4\u00dfe R\u00fccksendung sowie ein vollst\u00e4ndig ausgef\u00fclltes Formular erm\u00f6glichen es uns, Ihre Anfrage rasch zu bearbeiten.<\/p>\t\t\t\t\t\t\t\t<\/div>\n\t\t\t\t<\/div>\n\t\t\t\t<\/div>\n\t\t\t\t\t<\/div>\n\t\t\t\t<\/section>\n\t\t<div class=\"elementor-element elementor-element-5aed1a8 e-flex e-con-boxed e-con e-parent\" data-id=\"5aed1a8\" data-element_type=\"container\" data-e-type=\"container\">\n\t\t\t\t\t<div class=\"e-con-inner\">\n\t\t<div class=\"elementor-element elementor-element-57d7f5f e-con-full e-flex e-con e-child\" data-id=\"57d7f5f\" data-element_type=\"container\" data-e-type=\"container\">\n\t\t\t\t<div class=\"elementor-element elementor-element-3416c02 elementor-widget elementor-widget-image\" data-id=\"3416c02\" data-element_type=\"widget\" data-e-type=\"widget\" data-widget_type=\"image.default\">\n\t\t\t\t<div class=\"elementor-widget-container\">\n\t\t\t\t\t\t\t\t\t\t\t\t\t\t\t<img fetchpriority=\"high\" decoding=\"async\" width=\"512\" height=\"600\" src=\"https:\/\/perfogroup.ch\/wp-content\/uploads\/2023\/03\/perfogroup-retours.jpg\" class=\"attachment-full size-full wp-image-8405\" alt=\"Warenr\u00fccksendung\" srcset=\"https:\/\/perfogroup.ch\/wp-content\/uploads\/2023\/03\/perfogroup-retours.jpg 512w, https:\/\/perfogroup.ch\/wp-content\/uploads\/2023\/03\/perfogroup-retours-256x300.jpg 256w, https:\/\/perfogroup.ch\/wp-content\/uploads\/2023\/03\/perfogroup-retours-10x12.jpg 10w\" sizes=\"(max-width: 512px) 100vw, 512px\" \/>\t\t\t\t\t\t\t\t\t\t\t\t\t\t\t<\/div>\n\t\t\t\t<\/div>\n\t\t\t\t<\/div>\n\t\t<div class=\"elementor-element elementor-element-98ea4ce e-con-full e-flex e-con e-child\" data-id=\"98ea4ce\" data-element_type=\"container\" data-e-type=\"container\" data-settings=\"{&quot;background_background&quot;:&quot;classic&quot;}\">\n\t\t\t\t<div class=\"elementor-element elementor-element-7ef2328 elementor-widget elementor-widget-heading\" data-id=\"7ef2328\" data-element_type=\"widget\" data-e-type=\"widget\" data-widget_type=\"heading.default\">\n\t\t\t\t<div class=\"elementor-widget-container\">\n\t\t\t\t\t<h2 class=\"elementor-heading-title elementor-size-default\">Palette oder Sperrgut?<\/h2>\t\t\t\t<\/div>\n\t\t\t\t<\/div>\n\t\t\t\t<div class=\"elementor-element elementor-element-55920d6 elementor-widget elementor-widget-text-editor\" data-id=\"55920d6\" data-element_type=\"widget\" data-e-type=\"widget\" data-widget_type=\"text-editor.default\">\n\t\t\t\t<div class=\"elementor-widget-container\">\n\t\t\t\t\t\t\t\t\t<p>Sie haben eine grosse Anzahl an Paketen zu retournieren und\/oder m\u00f6chten keine Portokosten f\u00fcr die R\u00fccksendung \u00fcbernehmen?<\/p><p>Kommen Sie auf einen Kaffee mit Ihrem Ansprechpartner bei Perfogroup vorbei und geben Sie die Ware gleichzeitig bei uns ab.<\/p><p>Dies erm\u00f6glicht es Ihnen auch, uns am Ende des Projekts ein kurzes Feedback zu geben, wodurch wir die Qualit\u00e4t unserer Dienstleistungen fortlaufend verbessern k\u00f6nnen.<\/p><p>Kontaktieren Sie uns, um sicherzustellen, dass der zust\u00e4ndige Mitarbeiter Sie bei Ihrem Besuch empfangen kann.<\/p>\t\t\t\t\t\t\t\t<\/div>\n\t\t\t\t<\/div>\n\t\t\t\t<div class=\"elementor-element elementor-element-6407149 elementor-position-inline-start elementor-mobile-position-inline-start elementor-view-default elementor-widget elementor-widget-icon-box\" data-id=\"6407149\" data-element_type=\"widget\" data-e-type=\"widget\" data-widget_type=\"icon-box.default\">\n\t\t\t\t<div class=\"elementor-widget-container\">\n\t\t\t\t\t\t\t<div class=\"elementor-icon-box-wrapper\">\n\n\t\t\t\t\t\t<div class=\"elementor-icon-box-icon\">\n\t\t\t\t<a href=\"tel:0041582558200\" class=\"elementor-icon\" tabindex=\"-1\" aria-label=\"+41 58 255 82 00 - (FR - DE)\">\n\t\t\t\t<i aria-hidden=\"true\" class=\"fas fa-phone-alt\"><\/i>\t\t\t\t<\/a>\n\t\t\t<\/div>\n\t\t\t\n\t\t\t\t\t\t<div class=\"elementor-icon-box-content\">\n\n\t\t\t\t\t\t\t\t\t<div class=\"elementor-icon-box-title\">\n\t\t\t\t\t\t<a href=\"tel:0041582558200\" >\n\t\t\t\t\t\t\t+41 58 255 82 00 - (FR - DE)\t\t\t\t\t\t<\/a>\n\t\t\t\t\t<\/div>\n\t\t\t\t\n\t\t\t\t\n\t\t\t<\/div>\n\t\t\t\n\t\t<\/div>\n\t\t\t\t\t\t<\/div>\n\t\t\t\t<\/div>\n\t\t\t\t<div class=\"elementor-element elementor-element-c0ddd7e elementor-position-inline-start elementor-mobile-position-inline-start elementor-view-default elementor-widget elementor-widget-icon-box\" data-id=\"c0ddd7e\" data-element_type=\"widget\" data-e-type=\"widget\" data-widget_type=\"icon-box.default\">\n\t\t\t\t<div class=\"elementor-widget-container\">\n\t\t\t\t\t\t\t<div class=\"elementor-icon-box-wrapper\">\n\n\t\t\t\t\t\t<div class=\"elementor-icon-box-icon\">\n\t\t\t\t<a href=\"mailto:info@perfogroup.ch\" class=\"elementor-icon\" tabindex=\"-1\" aria-label=\"info@perfogroup.ch\">\n\t\t\t\t<i aria-hidden=\"true\" class=\"fas fa-envelope\"><\/i>\t\t\t\t<\/a>\n\t\t\t<\/div>\n\t\t\t\n\t\t\t\t\t\t<div class=\"elementor-icon-box-content\">\n\n\t\t\t\t\t\t\t\t\t<div class=\"elementor-icon-box-title\">\n\t\t\t\t\t\t<a href=\"mailto:info@perfogroup.ch\" >\n\t\t\t\t\t\t\tinfo@perfogroup.ch\t\t\t\t\t\t<\/a>\n\t\t\t\t\t<\/div>\n\t\t\t\t\n\t\t\t\t\n\t\t\t<\/div>\n\t\t\t\n\t\t<\/div>\n\t\t\t\t\t\t<\/div>\n\t\t\t\t<\/div>\n\t\t\t\t<\/div>\n\t\t\t\t\t<\/div>\n\t\t\t\t<\/div>\n\t\t\t\t<\/div>","protected":false},"excerpt":{"rendered":"<p>Retourner du mat\u00e9riel Cliquez sur le bouton ci-dessous pour acc\u00e9der \u00e0 notre formulaire de retour de mat\u00e9riel. Aller au document Vous ne trouvez pas de r\u00e9ponse \u00e0 votre question&nbsp;? Appelez-nous&nbsp;! +41 58 255 82 00 &#8211; (FR &#8211; DE) Avant de nous retourner du mat\u00e9riel, veuillez consulter nos conditions de retour ainsi que nos crit\u00e8res [&hellip;]<\/p>\n","protected":false},"author":7,"featured_media":0,"parent":0,"menu_order":0,"comment_status":"closed","ping_status":"closed","template":"elementor_header_footer","meta":{"_acf_changed":false,"ocean_post_layout":"","ocean_both_sidebars_style":"","ocean_both_sidebars_content_width":0,"ocean_both_sidebars_sidebars_width":0,"ocean_sidebar":"0","ocean_second_sidebar":"0","ocean_disable_margins":"enable","ocean_add_body_class":"","ocean_shortcode_before_top_bar":"","ocean_shortcode_after_top_bar":"","ocean_shortcode_before_header":"","ocean_shortcode_after_header":"","ocean_has_shortcode":"","ocean_shortcode_after_title":"","ocean_shortcode_before_footer_widgets":"","ocean_shortcode_after_footer_widgets":"","ocean_shortcode_before_footer_bottom":"","ocean_shortcode_after_footer_bottom":"","ocean_display_top_bar":"default","ocean_display_header":"default","ocean_header_style":"","ocean_center_header_left_menu":"0","ocean_custom_header_template":"0","ocean_custom_logo":0,"ocean_custom_retina_logo":0,"ocean_custom_logo_max_width":0,"ocean_custom_logo_tablet_max_width":0,"ocean_custom_logo_mobile_max_width":0,"ocean_custom_logo_max_height":0,"ocean_custom_logo_tablet_max_height":0,"ocean_custom_logo_mobile_max_height":0,"ocean_header_custom_menu":"0","ocean_menu_typo_font_family":"0","ocean_menu_typo_font_subset":"","ocean_menu_typo_font_size":0,"ocean_menu_typo_font_size_tablet":0,"ocean_menu_typo_font_size_mobile":0,"ocean_menu_typo_font_size_unit":"px","ocean_menu_typo_font_weight":"","ocean_menu_typo_font_weight_tablet":"","ocean_menu_typo_font_weight_mobile":"","ocean_menu_typo_transform":"","ocean_menu_typo_transform_tablet":"","ocean_menu_typo_transform_mobile":"","ocean_menu_typo_line_height":0,"ocean_menu_typo_line_height_tablet":0,"ocean_menu_typo_line_height_mobile":0,"ocean_menu_typo_line_height_unit":"","ocean_menu_typo_spacing":0,"ocean_menu_typo_spacing_tablet":0,"ocean_menu_typo_spacing_mobile":0,"ocean_menu_typo_spacing_unit":"","ocean_menu_link_color":"","ocean_menu_link_color_hover":"","ocean_menu_link_color_active":"","ocean_menu_link_background":"","ocean_menu_link_hover_background":"","ocean_menu_link_active_background":"","ocean_menu_social_links_bg":"","ocean_menu_social_hover_links_bg":"","ocean_menu_social_links_color":"","ocean_menu_social_hover_links_color":"","ocean_disable_title":"default","ocean_disable_heading":"default","ocean_post_title":"","ocean_post_subheading":"","ocean_post_title_style":"","ocean_post_title_background_color":"","ocean_post_title_background":0,"ocean_post_title_bg_image_position":"","ocean_post_title_bg_image_attachment":"","ocean_post_title_bg_image_repeat":"","ocean_post_title_bg_image_size":"","ocean_post_title_height":0,"ocean_post_title_bg_overlay":0.5,"ocean_post_title_bg_overlay_color":"","ocean_disable_breadcrumbs":"default","ocean_breadcrumbs_color":"","ocean_breadcrumbs_separator_color":"","ocean_breadcrumbs_links_color":"","ocean_breadcrumbs_links_hover_color":"","ocean_display_footer_widgets":"default","ocean_display_footer_bottom":"default","ocean_custom_footer_template":"0","footnotes":""},"class_list":["post-6914","page","type-page","status-publish","hentry","entry","owp-thumbs-layout-horizontal","owp-btn-normal","owp-tabs-layout-horizontal","has-no-thumbnails","has-product-nav"],"acf":[],"yoast_head":"<!-- This site is optimized with the Yoast SEO Premium plugin v21.9 (Yoast SEO v27.5) - https:\/\/yoast.com\/product\/yoast-seo-premium-wordpress\/ -->\n<title>Retour de mat\u00e9riel | Perfogroup<\/title>\n<meta name=\"description\" content=\"Retour de mat\u00e9riel: acc\u00e9dez \u00e0 notre formulaire de retour sur lequel vous trouverez nos conditions de retour ainsi que nos crit\u00e8res de reprise.\" \/>\n<meta name=\"robots\" content=\"index, follow, max-snippet:-1, max-image-preview:large, max-video-preview:-1\" \/>\n<link rel=\"canonical\" href=\"https:\/\/perfogroup.ch\/de\/warenrucksendung\/\" \/>\n<meta property=\"og:locale\" content=\"de_DE\" \/>\n<meta property=\"og:type\" content=\"article\" \/>\n<meta property=\"og:title\" content=\"Retour de mat\u00e9riel\" \/>\n<meta property=\"og:description\" content=\"Retour de mat\u00e9riel: acc\u00e9dez \u00e0 notre formulaire de retour sur lequel vous trouverez nos conditions de retour ainsi que nos crit\u00e8res de reprise.\" \/>\n<meta property=\"og:url\" content=\"https:\/\/perfogroup.ch\/de\/warenrucksendung\/\" \/>\n<meta property=\"og:site_name\" content=\"Perfogroup\" \/>\n<meta property=\"article:modified_time\" content=\"2025-07-11T07:53:19+00:00\" \/>\n<meta property=\"og:image\" content=\"https:\/\/perfogroup.ch\/wp-content\/uploads\/2023\/03\/perfogroup-retours.jpg\" \/>\n\t<meta property=\"og:image:width\" content=\"512\" \/>\n\t<meta property=\"og:image:height\" content=\"600\" \/>\n\t<meta property=\"og:image:type\" content=\"image\/jpeg\" \/>\n<meta name=\"twitter:card\" content=\"summary_large_image\" \/>\n<meta name=\"twitter:label1\" content=\"Gesch\u00e4tzte Lesezeit\" \/>\n\t<meta name=\"twitter:data1\" content=\"2\u00a0Minuten\" \/>\n<script type=\"application\/ld+json\" class=\"yoast-schema-graph\">{\"@context\":\"https:\\\/\\\/schema.org\",\"@graph\":[{\"@type\":\"WebPage\",\"@id\":\"https:\\\/\\\/perfogroup.ch\\\/retour-de-materiel\\\/\",\"url\":\"https:\\\/\\\/perfogroup.ch\\\/retour-de-materiel\\\/\",\"name\":\"Retour de mat\u00e9riel | Perfogroup\",\"isPartOf\":{\"@id\":\"https:\\\/\\\/perfogroup.ch\\\/#website\"},\"primaryImageOfPage\":{\"@id\":\"https:\\\/\\\/perfogroup.ch\\\/retour-de-materiel\\\/#primaryimage\"},\"image\":{\"@id\":\"https:\\\/\\\/perfogroup.ch\\\/retour-de-materiel\\\/#primaryimage\"},\"thumbnailUrl\":\"https:\\\/\\\/perfogroup.ch\\\/wp-content\\\/uploads\\\/2023\\\/03\\\/perfogroup-retours.jpg\",\"datePublished\":\"2023-02-02T16:20:02+00:00\",\"dateModified\":\"2025-07-11T07:53:19+00:00\",\"description\":\"Retour de mat\u00e9riel: acc\u00e9dez \u00e0 notre formulaire de retour sur lequel vous trouverez nos conditions de retour ainsi que nos crit\u00e8res de reprise.\",\"inLanguage\":\"de\",\"potentialAction\":[{\"@type\":\"ReadAction\",\"target\":[\"https:\\\/\\\/perfogroup.ch\\\/retour-de-materiel\\\/\"]}]},{\"@type\":\"ImageObject\",\"inLanguage\":\"de\",\"@id\":\"https:\\\/\\\/perfogroup.ch\\\/retour-de-materiel\\\/#primaryimage\",\"url\":\"https:\\\/\\\/perfogroup.ch\\\/wp-content\\\/uploads\\\/2023\\\/03\\\/perfogroup-retours.jpg\",\"contentUrl\":\"https:\\\/\\\/perfogroup.ch\\\/wp-content\\\/uploads\\\/2023\\\/03\\\/perfogroup-retours.jpg\"},{\"@type\":\"WebSite\",\"@id\":\"https:\\\/\\\/perfogroup.ch\\\/#website\",\"url\":\"https:\\\/\\\/perfogroup.ch\\\/\",\"name\":\"Perfogroup\",\"description\":\"Global solution\",\"publisher\":{\"@id\":\"https:\\\/\\\/perfogroup.ch\\\/#organization\"},\"potentialAction\":[{\"@type\":\"SearchAction\",\"target\":{\"@type\":\"EntryPoint\",\"urlTemplate\":\"https:\\\/\\\/perfogroup.ch\\\/?s={search_term_string}\"},\"query-input\":{\"@type\":\"PropertyValueSpecification\",\"valueRequired\":true,\"valueName\":\"search_term_string\"}}],\"inLanguage\":\"de\"},{\"@type\":\"Organization\",\"@id\":\"https:\\\/\\\/perfogroup.ch\\\/#organization\",\"name\":\"Perfogroup\",\"alternateName\":\"Perfolux | Perfolight | Perfosound\",\"url\":\"https:\\\/\\\/perfogroup.ch\\\/\",\"logo\":{\"@type\":\"ImageObject\",\"inLanguage\":\"de\",\"@id\":\"https:\\\/\\\/perfogroup.ch\\\/#\\\/schema\\\/logo\\\/image\\\/\",\"url\":\"https:\\\/\\\/perfogroup.ch\\\/wp-content\\\/uploads\\\/2020\\\/05\\\/Logo_PERFOGROUP.svg\",\"contentUrl\":\"https:\\\/\\\/perfogroup.ch\\\/wp-content\\\/uploads\\\/2020\\\/05\\\/Logo_PERFOGROUP.svg\",\"width\":167,\"height\":34,\"caption\":\"Perfogroup\"},\"image\":{\"@id\":\"https:\\\/\\\/perfogroup.ch\\\/#\\\/schema\\\/logo\\\/image\\\/\"},\"sameAs\":[\"https:\\\/\\\/www.instagram.com\\\/perfogroup\",\"https:\\\/\\\/www.linkedin.com\\\/company\\\/perfolux-sa\"]}]}<\/script>\n<!-- \/ Yoast SEO Premium plugin. -->","yoast_head_json":{"title":"Warenr\u00fccksendung | Perfogroup","description":"Warenr\u00fccksendung: hier geht es zu unserem R\u00fccksendeformular auf dem sich unsere R\u00fccknahmebedingungen sowie unsere R\u00fccknahmekriterien befinden.","robots":{"index":"index","follow":"follow","max-snippet":"max-snippet:-1","max-image-preview":"max-image-preview:large","max-video-preview":"max-video-preview:-1"},"canonical":"https:\/\/perfogroup.ch\/de\/warenrucksendung\/","og_locale":"de_DE","og_type":"article","og_title":"Retour de mat\u00e9riel","og_description":"Retour de mat\u00e9riel: acc\u00e9dez \u00e0 notre formulaire de retour sur lequel vous trouverez nos conditions de retour ainsi que nos crit\u00e8res de reprise.","og_url":"https:\/\/perfogroup.ch\/de\/warenrucksendung\/","og_site_name":"Perfogroup","article_modified_time":"2025-07-11T07:53:19+00:00","og_image":[{"width":512,"height":600,"url":"https:\/\/perfogroup.ch\/wp-content\/uploads\/2023\/03\/perfogroup-retours.jpg","type":"image\/jpeg"}],"twitter_card":"summary_large_image","twitter_misc":{"Gesch\u00e4tzte Lesezeit":"2\u00a0Minuten"},"schema":{"@context":"https:\/\/schema.org","@graph":[{"@type":"WebPage","@id":"https:\/\/perfogroup.ch\/retour-de-materiel\/","url":"https:\/\/perfogroup.ch\/retour-de-materiel\/","name":"Warenr\u00fccksendung | Perfogroup","isPartOf":{"@id":"https:\/\/perfogroup.ch\/#website"},"primaryImageOfPage":{"@id":"https:\/\/perfogroup.ch\/retour-de-materiel\/#primaryimage"},"image":{"@id":"https:\/\/perfogroup.ch\/retour-de-materiel\/#primaryimage"},"thumbnailUrl":"https:\/\/perfogroup.ch\/wp-content\/uploads\/2023\/03\/perfogroup-retours.jpg","datePublished":"2023-02-02T16:20:02+00:00","dateModified":"2025-07-11T07:53:19+00:00","description":"Warenr\u00fccksendung: hier geht es zu unserem R\u00fccksendeformular auf dem sich unsere R\u00fccknahmebedingungen sowie unsere R\u00fccknahmekriterien befinden.","inLanguage":"de","potentialAction":[{"@type":"ReadAction","target":["https:\/\/perfogroup.ch\/retour-de-materiel\/"]}]},{"@type":"ImageObject","inLanguage":"de","@id":"https:\/\/perfogroup.ch\/retour-de-materiel\/#primaryimage","url":"https:\/\/perfogroup.ch\/wp-content\/uploads\/2023\/03\/perfogroup-retours.jpg","contentUrl":"https:\/\/perfogroup.ch\/wp-content\/uploads\/2023\/03\/perfogroup-retours.jpg"},{"@type":"WebSite","@id":"https:\/\/perfogroup.ch\/#website","url":"https:\/\/perfogroup.ch\/","name":"Perfogroup","description":"Globale L\u00f6sung","publisher":{"@id":"https:\/\/perfogroup.ch\/#organization"},"potentialAction":[{"@type":"SearchAction","target":{"@type":"EntryPoint","urlTemplate":"https:\/\/perfogroup.ch\/?s={search_term_string}"},"query-input":{"@type":"PropertyValueSpecification","valueRequired":true,"valueName":"search_term_string"}}],"inLanguage":"de"},{"@type":"Organization","@id":"https:\/\/perfogroup.ch\/#organization","name":"Perfogroup","alternateName":"Perfolux | Perfolight | Perfosound","url":"https:\/\/perfogroup.ch\/","logo":{"@type":"ImageObject","inLanguage":"de","@id":"https:\/\/perfogroup.ch\/#\/schema\/logo\/image\/","url":"https:\/\/perfogroup.ch\/wp-content\/uploads\/2020\/05\/Logo_PERFOGROUP.svg","contentUrl":"https:\/\/perfogroup.ch\/wp-content\/uploads\/2020\/05\/Logo_PERFOGROUP.svg","width":167,"height":34,"caption":"Perfogroup"},"image":{"@id":"https:\/\/perfogroup.ch\/#\/schema\/logo\/image\/"},"sameAs":["https:\/\/www.instagram.com\/perfogroup","https:\/\/www.linkedin.com\/company\/perfolux-sa"]}]}},"_links":{"self":[{"href":"https:\/\/perfogroup.ch\/de\/wp-json\/wp\/v2\/pages\/6914","targetHints":{"allow":["GET"]}}],"collection":[{"href":"https:\/\/perfogroup.ch\/de\/wp-json\/wp\/v2\/pages"}],"about":[{"href":"https:\/\/perfogroup.ch\/de\/wp-json\/wp\/v2\/types\/page"}],"author":[{"embeddable":true,"href":"https:\/\/perfogroup.ch\/de\/wp-json\/wp\/v2\/users\/7"}],"replies":[{"embeddable":true,"href":"https:\/\/perfogroup.ch\/de\/wp-json\/wp\/v2\/comments?post=6914"}],"version-history":[{"count":90,"href":"https:\/\/perfogroup.ch\/de\/wp-json\/wp\/v2\/pages\/6914\/revisions"}],"predecessor-version":[{"id":12350,"href":"https:\/\/perfogroup.ch\/de\/wp-json\/wp\/v2\/pages\/6914\/revisions\/12350"}],"wp:attachment":[{"href":"https:\/\/perfogroup.ch\/de\/wp-json\/wp\/v2\/media?parent=6914"}],"curies":[{"name":"wp","href":"https:\/\/api.w.org\/{rel}","templated":true}]}}