{"id":10597,"date":"2024-05-22T13:33:41","date_gmt":"2024-05-22T13:33:41","guid":{"rendered":"https:\/\/perfogroup.ch\/?page_id=10597"},"modified":"2024-06-19T14:37:11","modified_gmt":"2024-06-19T14:37:11","slug":"newsletter","status":"publish","type":"page","link":"https:\/\/perfogroup.ch\/de\/newsletter\/","title":{"rendered":"Newsletter"},"content":{"rendered":"\t\t<div data-elementor-type=\"wp-page\" data-elementor-id=\"10597\" class=\"elementor elementor-10597\" data-elementor-post-type=\"page\">\n\t\t\t\t<div class=\"elementor-element elementor-element-77c3577 e-flex e-con-boxed e-con e-parent\" data-id=\"77c3577\" data-element_type=\"container\" data-e-type=\"container\">\n\t\t\t\t\t<div class=\"e-con-inner\">\n\t\t<div class=\"elementor-element elementor-element-249e8c6 e-con-full e-flex e-con e-child\" data-id=\"249e8c6\" data-element_type=\"container\" data-e-type=\"container\">\n\t\t\t\t<div class=\"elementor-element elementor-element-c0fd1d2 elementor-widget elementor-widget-heading\" data-id=\"c0fd1d2\" data-element_type=\"widget\" data-e-type=\"widget\" data-widget_type=\"heading.default\">\n\t\t\t\t<div class=\"elementor-widget-container\">\n\t\t\t\t\t<h1 class=\"elementor-heading-title elementor-size-default\">La Newsletter<\/br>de Perfogroup<\/h1>\t\t\t\t<\/div>\n\t\t\t\t<\/div>\n\t\t\t\t<div class=\"elementor-element elementor-element-4f52435 elementor-widget-divider--view-line elementor-widget elementor-widget-divider\" data-id=\"4f52435\" data-element_type=\"widget\" data-e-type=\"widget\" data-widget_type=\"divider.default\">\n\t\t\t\t<div class=\"elementor-widget-container\">\n\t\t\t\t\t\t\t<div class=\"elementor-divider\">\n\t\t\t<span class=\"elementor-divider-separator\">\n\t\t\t\t\t\t<\/span>\n\t\t<\/div>\n\t\t\t\t\t\t<\/div>\n\t\t\t\t<\/div>\n\t\t\t\t<div class=\"elementor-element elementor-element-09bff30 elementor-widget elementor-widget-text-editor\" data-id=\"09bff30\" data-element_type=\"widget\" data-e-type=\"widget\" data-widget_type=\"text-editor.default\">\n\t\t\t\t<div class=\"elementor-widget-container\">\n\t\t\t\t\t\t\t\t\t<p>Ne manquez pas cette opportunit\u00e9 de rester inform\u00e9s et de faire partie d&rsquo;une communaut\u00e9 privil\u00e9gi\u00e9e.<\/p>\t\t\t\t\t\t\t\t<\/div>\n\t\t\t\t<\/div>\n\t\t\t\t<div class=\"elementor-element elementor-element-6a88ac5 elementor-button-info elementor-align-left elementor-widget elementor-widget-button\" data-id=\"6a88ac5\" data-element_type=\"widget\" data-e-type=\"widget\" data-widget_type=\"button.default\">\n\t\t\t\t<div class=\"elementor-widget-container\">\n\t\t\t\t\t\t\t\t\t<div class=\"elementor-button-wrapper\">\n\t\t\t\t\t<a class=\"elementor-button elementor-button-link elementor-size-lg\" href=\"#form_newsletter\">\n\t\t\t\t\t\t<span class=\"elementor-button-content-wrapper\">\n\t\t\t\t\t\t\t\t\t<span class=\"elementor-button-text\">S'inscrire<\/span>\n\t\t\t\t\t<\/span>\n\t\t\t\t\t<\/a>\n\t\t\t\t<\/div>\n\t\t\t\t\t\t\t\t<\/div>\n\t\t\t\t<\/div>\n\t\t\t\t<\/div>\n\t\t<div class=\"elementor-element elementor-element-94231be e-con-full e-flex e-con e-child\" data-id=\"94231be\" data-element_type=\"container\" data-e-type=\"container\">\n\t\t\t\t<div class=\"elementor-element elementor-element-5ee1954 elementor-align-center elementor-widget elementor-widget-lottie\" data-id=\"5ee1954\" data-element_type=\"widget\" data-e-type=\"widget\" data-settings=\"{&quot;source_json&quot;:{&quot;url&quot;:&quot;https:\\\/\\\/perfogroup.ch\\\/wp-content\\\/uploads\\\/2024\\\/05\\\/mail-confirmation-inscription.json&quot;,&quot;id&quot;:10580,&quot;size&quot;:&quot;&quot;,&quot;alt&quot;:&quot;&quot;,&quot;source&quot;:&quot;library&quot;},&quot;source&quot;:&quot;media_file&quot;,&quot;caption_source&quot;:&quot;none&quot;,&quot;link_to&quot;:&quot;none&quot;,&quot;trigger&quot;:&quot;arriving_to_viewport&quot;,&quot;viewport&quot;:{&quot;unit&quot;:&quot;%&quot;,&quot;size&quot;:&quot;&quot;,&quot;sizes&quot;:{&quot;start&quot;:0,&quot;end&quot;:100}},&quot;play_speed&quot;:{&quot;unit&quot;:&quot;px&quot;,&quot;size&quot;:1,&quot;sizes&quot;:[]},&quot;start_point&quot;:{&quot;unit&quot;:&quot;%&quot;,&quot;size&quot;:0,&quot;sizes&quot;:[]},&quot;end_point&quot;:{&quot;unit&quot;:&quot;%&quot;,&quot;size&quot;:100,&quot;sizes&quot;:[]},&quot;renderer&quot;:&quot;svg&quot;}\" data-widget_type=\"lottie.default\">\n\t\t\t\t<div class=\"elementor-widget-container\">\n\t\t\t\t\t<div class=\"e-lottie__container\"><div class=\"e-lottie__animation\"><\/div><\/div>\t\t\t\t<\/div>\n\t\t\t\t<\/div>\n\t\t\t\t<\/div>\n\t\t\t\t\t<\/div>\n\t\t\t\t<\/div>\n\t\t<section class=\"elementor-element elementor-element-5cbda73 e-flex e-con-boxed e-con e-parent\" data-id=\"5cbda73\" data-element_type=\"container\" data-e-type=\"container\">\n\t\t\t\t\t<div class=\"e-con-inner\">\n\t\t<div class=\"elementor-element elementor-element-1289e27 e-con-full e-flex e-con e-child\" data-id=\"1289e27\" data-element_type=\"container\" data-e-type=\"container\" data-settings=\"{&quot;background_background&quot;:&quot;classic&quot;,&quot;animation&quot;:&quot;none&quot;}\">\n\t\t\t\t<div class=\"elementor-element elementor-element-3a63cee elementor-widget elementor-widget-heading\" data-id=\"3a63cee\" data-element_type=\"widget\" data-e-type=\"widget\" data-widget_type=\"heading.default\">\n\t\t\t\t<div class=\"elementor-widget-container\">\n\t\t\t\t\t<h2 class=\"elementor-heading-title elementor-size-default\">Pourquoi s'inscrire \u00e0 notre Newsletter&nbsp;?<\/h2>\t\t\t\t<\/div>\n\t\t\t\t<\/div>\n\t\t\t\t<div class=\"elementor-element elementor-element-05c5945 elementor-widget elementor-widget-text-editor\" data-id=\"05c5945\" data-element_type=\"widget\" data-e-type=\"widget\" data-widget_type=\"text-editor.default\">\n\t\t\t\t<div class=\"elementor-widget-container\">\n\t\t\t\t\t\t\t\t\t<p>Inscrivez-vous \u00e0 notre newsletter pour ne rien manquer de nos actualit\u00e9s. Recevez directement dans votre bo\u00eete de r\u00e9ception des articles approfondis, des guides pratiques et les derni\u00e8res tendances dans les domaines de la protection incendie, de l&rsquo;\u00e9clairage de secours, de la sonorisation et de l&rsquo;\u00e9clairage professionnel.<\/p><ul><li><span style=\"text-decoration: underline;\">Contenus de qualit\u00e9<\/span> : Des articles, des guides et des tendances exclusives.<\/li><\/ul><ul><li><span style=\"text-decoration: underline;\">Avant-premi\u00e8res<\/span> : Soyez les premiers inform\u00e9s de nos nouveaut\u00e9s et innovations.<\/li><\/ul><ul><li><span style=\"text-decoration: underline;\">Confidentialit\u00e9 assur\u00e9e<\/span> : Votre adresse de messagerie sera uniquement utilis\u00e9e pour vous envoyer notre newsletter. Vous pouvez vous d\u00e9sabonner \u00e0 tout moment.<\/li><\/ul>\t\t\t\t\t\t\t\t<\/div>\n\t\t\t\t<\/div>\n\t\t\t\t<\/div>\n\t\t\t\t\t<\/div>\n\t\t\t\t<\/section>\n\t\t<section class=\"elementor-element elementor-element-36928ae e-flex e-con-boxed e-con e-parent\" data-id=\"36928ae\" data-element_type=\"container\" data-e-type=\"container\">\n\t\t\t\t\t<div class=\"e-con-inner\">\n\t\t<div class=\"elementor-element elementor-element-5554e97 e-con-full e-flex e-con e-child\" data-id=\"5554e97\" data-element_type=\"container\" data-e-type=\"container\" data-settings=\"{&quot;background_background&quot;:&quot;classic&quot;}\">\n\t\t\t\t<\/div>\n\t\t<div class=\"elementor-element elementor-element-84ea098 e-con-full e-flex e-con e-child\" data-id=\"84ea098\" data-element_type=\"container\" data-e-type=\"container\" data-settings=\"{&quot;background_background&quot;:&quot;classic&quot;}\">\n\t\t\t\t<div class=\"elementor-element elementor-element-1f17388 elementor-widget elementor-widget-menu-anchor\" data-id=\"1f17388\" data-element_type=\"widget\" data-e-type=\"widget\" data-widget_type=\"menu-anchor.default\">\n\t\t\t\t<div class=\"elementor-widget-container\">\n\t\t\t\t\t\t\t<div class=\"elementor-menu-anchor\" id=\"form_newsletter\"><\/div>\n\t\t\t\t\t\t<\/div>\n\t\t\t\t<\/div>\n\t\t\t\t<div class=\"elementor-element elementor-element-29e814c elementor-widget elementor-widget-heading\" data-id=\"29e814c\" data-element_type=\"widget\" data-e-type=\"widget\" data-widget_type=\"heading.default\">\n\t\t\t\t<div class=\"elementor-widget-container\">\n\t\t\t\t\t<h2 class=\"elementor-heading-title elementor-size-default\">Vous voulez rester inform\u00e9s des nouveaut\u00e9s de Perfogroup&nbsp;?<\/h2>\t\t\t\t<\/div>\n\t\t\t\t<\/div>\n\t\t\t\t<div class=\"elementor-element elementor-element-a23a0a1 elementor-widget elementor-widget-text-editor\" data-id=\"a23a0a1\" data-element_type=\"widget\" data-e-type=\"widget\" data-widget_type=\"text-editor.default\">\n\t\t\t\t<div class=\"elementor-widget-container\">\n\t\t\t\t\t\t\t\t\t<p>Abonnez-vous \u00e0 notre newsletter!<\/p>\t\t\t\t\t\t\t\t<\/div>\n\t\t\t\t<\/div>\n\t\t\t\t<div class=\"elementor-element elementor-element-e53122d elementor-widget elementor-widget-html\" data-id=\"e53122d\" data-element_type=\"widget\" data-e-type=\"widget\" data-widget_type=\"html.default\">\n\t\t\t\t<div class=\"elementor-widget-container\">\n\t\t\t\t\t<form method=\"post\" action=\"https:\/\/newsletter.infomaniak.com\/external\/submit\" class=\"inf-form\" target=\"_blank\">\n    <input type=\"email\" name=\"email\" style=\"display:none\" \/>\n    <input type=\"hidden\" name=\"key\" value=\"eyJpdiI6IjZKN0N0VmtsdWR1ZTFxcjFhNFlzVTVOOHFnVlBoMkpyVm1ocnEwWDhJajg9IiwidmFsdWUiOiJsaEkyNGpNZmJlQ0o0MzJ0RmdGQ3F6Q1N6NXBqMG5Ib25id3F6TENJOXFnPSIsIm1hYyI6IjNjNWQ5NmRhMmVjZWRiODZjMzE1ODhkZGVlZTEwZjVlNzNhNjEyM2JmZWVmNzdlYzc0NmRiZDMxMzkyMDRjMDEifQ==\">\n    <input type=\"hidden\" name=\"webform_id\" value=\"17222\">\n    <div class=\"inf-main\">\n        <div class=\"inf-content\">\n            <div class=\"inf-input inf-input-text\">\n                <input type=\"text\" name=\"inf[1]\" data-inf-meta=\"1\" data-inf-error=\"Merci de renseigner une adresse email\" required=\"required\" placeholder=\"Email\">\n            <\/div>\n            <div class=\"inf-rgpd\">\n                Votre adresse de messagerie est uniquement utilis\u00e9e pour vous envoyer notre newsletter ainsi que des informations concernant nos activit\u00e9s. Vous pouvez \u00e0 tout moment utiliser le lien de d\u00e9sabonnement int\u00e9gr\u00e9 dans chacun de nos courriels.\n            <\/div>\n            <div class=\"inf-submit\">\n                <input type=\"submit\" value=\"S'inscrire\">\n            <\/div>\n        <\/div>\n    <\/div>\n<\/form>\n\t\t\t\t<\/div>\n\t\t\t\t<\/div>\n\t\t\t\t<\/div>\n\t\t\t\t\t<\/div>\n\t\t\t\t<\/section>\n\t\t\t\t<\/div>\n\t\t","protected":false},"excerpt":{"rendered":"<p>La Newsletterde Perfogroup Ne manquez pas cette opportunit\u00e9 de rester inform\u00e9s et de faire partie d&rsquo;une communaut\u00e9 privil\u00e9gi\u00e9e. S&rsquo;inscrire Pourquoi s&rsquo;inscrire \u00e0 notre Newsletter&nbsp;? Inscrivez-vous \u00e0 notre newsletter pour ne rien manquer de nos actualit\u00e9s. Recevez directement dans votre bo\u00eete de r\u00e9ception des articles approfondis, des guides pratiques et les derni\u00e8res tendances dans les domaines [&hellip;]<\/p>\n","protected":false},"author":7,"featured_media":0,"parent":0,"menu_order":0,"comment_status":"closed","ping_status":"closed","template":"elementor_header_footer","meta":{"_acf_changed":false,"ocean_post_layout":"","ocean_both_sidebars_style":"","ocean_both_sidebars_content_width":0,"ocean_both_sidebars_sidebars_width":0,"ocean_sidebar":"0","ocean_second_sidebar":"0","ocean_disable_margins":"enable","ocean_add_body_class":"","ocean_shortcode_before_top_bar":"","ocean_shortcode_after_top_bar":"","ocean_shortcode_before_header":"","ocean_shortcode_after_header":"","ocean_has_shortcode":"","ocean_shortcode_after_title":"","ocean_shortcode_before_footer_widgets":"","ocean_shortcode_after_footer_widgets":"","ocean_shortcode_before_footer_bottom":"","ocean_shortcode_after_footer_bottom":"","ocean_display_top_bar":"default","ocean_display_header":"default","ocean_header_style":"","ocean_center_header_left_menu":"0","ocean_custom_header_template":"0","ocean_custom_logo":0,"ocean_custom_retina_logo":0,"ocean_custom_logo_max_width":0,"ocean_custom_logo_tablet_max_width":0,"ocean_custom_logo_mobile_max_width":0,"ocean_custom_logo_max_height":0,"ocean_custom_logo_tablet_max_height":0,"ocean_custom_logo_mobile_max_height":0,"ocean_header_custom_menu":"0","ocean_menu_typo_font_family":"0","ocean_menu_typo_font_subset":"","ocean_menu_typo_font_size":0,"ocean_menu_typo_font_size_tablet":0,"ocean_menu_typo_font_size_mobile":0,"ocean_menu_typo_font_size_unit":"px","ocean_menu_typo_font_weight":"","ocean_menu_typo_font_weight_tablet":"","ocean_menu_typo_font_weight_mobile":"","ocean_menu_typo_transform":"","ocean_menu_typo_transform_tablet":"","ocean_menu_typo_transform_mobile":"","ocean_menu_typo_line_height":0,"ocean_menu_typo_line_height_tablet":0,"ocean_menu_typo_line_height_mobile":0,"ocean_menu_typo_line_height_unit":"","ocean_menu_typo_spacing":0,"ocean_menu_typo_spacing_tablet":0,"ocean_menu_typo_spacing_mobile":0,"ocean_menu_typo_spacing_unit":"","ocean_menu_link_color":"","ocean_menu_link_color_hover":"","ocean_menu_link_color_active":"","ocean_menu_link_background":"","ocean_menu_link_hover_background":"","ocean_menu_link_active_background":"","ocean_menu_social_links_bg":"","ocean_menu_social_hover_links_bg":"","ocean_menu_social_links_color":"","ocean_menu_social_hover_links_color":"","ocean_disable_title":"default","ocean_disable_heading":"default","ocean_post_title":"","ocean_post_subheading":"","ocean_post_title_style":"","ocean_post_title_background_color":"","ocean_post_title_background":0,"ocean_post_title_bg_image_position":"","ocean_post_title_bg_image_attachment":"","ocean_post_title_bg_image_repeat":"","ocean_post_title_bg_image_size":"","ocean_post_title_height":0,"ocean_post_title_bg_overlay":0.5,"ocean_post_title_bg_overlay_color":"","ocean_disable_breadcrumbs":"default","ocean_breadcrumbs_color":"","ocean_breadcrumbs_separator_color":"","ocean_breadcrumbs_links_color":"","ocean_breadcrumbs_links_hover_color":"","ocean_display_footer_widgets":"default","ocean_display_footer_bottom":"default","ocean_custom_footer_template":"0","footnotes":""},"class_list":["post-10597","page","type-page","status-publish","hentry","entry","owp-thumbs-layout-horizontal","owp-btn-normal","owp-tabs-layout-horizontal","has-no-thumbnails","has-product-nav"],"acf":[],"yoast_head":"<!-- This site is optimized with the Yoast SEO Premium plugin v21.9 (Yoast SEO v27.5) - https:\/\/yoast.com\/product\/yoast-seo-premium-wordpress\/ -->\n<title>Newsletter | Perfogroup<\/title>\n<meta name=\"description\" content=\"Incrivez-vous \u00e0 notre Newsletter pour rester inform\u00e9s de nos derni\u00e8res nouveaut\u00e9s et faire partie d\u2019une communaut\u00e9 privil\u00e9gi\u00e9e.\" \/>\n<meta name=\"robots\" content=\"index, follow, max-snippet:-1, max-image-preview:large, max-video-preview:-1\" \/>\n<link rel=\"canonical\" href=\"https:\/\/perfogroup.ch\/de\/newsletter\/\" \/>\n<meta property=\"og:locale\" content=\"de_DE\" \/>\n<meta property=\"og:type\" content=\"article\" \/>\n<meta property=\"og:title\" content=\"Newsletter\" \/>\n<meta property=\"og:description\" content=\"Incrivez-vous \u00e0 notre Newsletter pour rester inform\u00e9s de nos derni\u00e8res nouveaut\u00e9s et faire partie d\u2019une communaut\u00e9 privil\u00e9gi\u00e9e.\" \/>\n<meta property=\"og:url\" content=\"https:\/\/perfogroup.ch\/de\/newsletter\/\" \/>\n<meta property=\"og:site_name\" content=\"Perfogroup\" \/>\n<meta property=\"article:modified_time\" content=\"2024-06-19T14:37:11+00:00\" \/>\n<meta property=\"og:image\" content=\"https:\/\/perfogroup.ch\/wp-content\/uploads\/2023\/01\/perfogroup-image-site.jpg\" \/>\n\t<meta property=\"og:image:width\" content=\"1200\" \/>\n\t<meta property=\"og:image:height\" content=\"675\" \/>\n\t<meta property=\"og:image:type\" content=\"image\/jpeg\" \/>\n<meta name=\"twitter:card\" content=\"summary_large_image\" \/>\n<meta name=\"twitter:label1\" content=\"Gesch\u00e4tzte Lesezeit\" \/>\n\t<meta name=\"twitter:data1\" content=\"2\u00a0Minuten\" \/>\n<script type=\"application\/ld+json\" class=\"yoast-schema-graph\">{\"@context\":\"https:\\\/\\\/schema.org\",\"@graph\":[{\"@type\":\"WebPage\",\"@id\":\"https:\\\/\\\/perfogroup.ch\\\/newsletter\\\/\",\"url\":\"https:\\\/\\\/perfogroup.ch\\\/newsletter\\\/\",\"name\":\"Newsletter | Perfogroup\",\"isPartOf\":{\"@id\":\"https:\\\/\\\/perfogroup.ch\\\/#website\"},\"datePublished\":\"2024-05-22T13:33:41+00:00\",\"dateModified\":\"2024-06-19T14:37:11+00:00\",\"description\":\"Incrivez-vous \u00e0 notre Newsletter pour rester inform\u00e9s de nos derni\u00e8res nouveaut\u00e9s et faire partie d\u2019une communaut\u00e9 privil\u00e9gi\u00e9e.\",\"inLanguage\":\"de\",\"potentialAction\":[{\"@type\":\"ReadAction\",\"target\":[\"https:\\\/\\\/perfogroup.ch\\\/newsletter\\\/\"]}]},{\"@type\":\"WebSite\",\"@id\":\"https:\\\/\\\/perfogroup.ch\\\/#website\",\"url\":\"https:\\\/\\\/perfogroup.ch\\\/\",\"name\":\"Perfogroup\",\"description\":\"Global solution\",\"publisher\":{\"@id\":\"https:\\\/\\\/perfogroup.ch\\\/#organization\"},\"potentialAction\":[{\"@type\":\"SearchAction\",\"target\":{\"@type\":\"EntryPoint\",\"urlTemplate\":\"https:\\\/\\\/perfogroup.ch\\\/?s={search_term_string}\"},\"query-input\":{\"@type\":\"PropertyValueSpecification\",\"valueRequired\":true,\"valueName\":\"search_term_string\"}}],\"inLanguage\":\"de\"},{\"@type\":\"Organization\",\"@id\":\"https:\\\/\\\/perfogroup.ch\\\/#organization\",\"name\":\"Perfogroup\",\"alternateName\":\"Perfolux | Perfolight | Perfosound\",\"url\":\"https:\\\/\\\/perfogroup.ch\\\/\",\"logo\":{\"@type\":\"ImageObject\",\"inLanguage\":\"de\",\"@id\":\"https:\\\/\\\/perfogroup.ch\\\/#\\\/schema\\\/logo\\\/image\\\/\",\"url\":\"https:\\\/\\\/perfogroup.ch\\\/wp-content\\\/uploads\\\/2020\\\/05\\\/Logo_PERFOGROUP.svg\",\"contentUrl\":\"https:\\\/\\\/perfogroup.ch\\\/wp-content\\\/uploads\\\/2020\\\/05\\\/Logo_PERFOGROUP.svg\",\"width\":167,\"height\":34,\"caption\":\"Perfogroup\"},\"image\":{\"@id\":\"https:\\\/\\\/perfogroup.ch\\\/#\\\/schema\\\/logo\\\/image\\\/\"},\"sameAs\":[\"https:\\\/\\\/www.instagram.com\\\/perfogroup\",\"https:\\\/\\\/www.linkedin.com\\\/company\\\/perfolux-sa\"]}]}<\/script>\n<!-- \/ Yoast SEO Premium plugin. -->","yoast_head_json":{"title":"Newsletter | Perfogroup","description":"Treten Sie einer exklusiven Gemeinschaft bei und bleiben Sie stets auf dem neuesten Stand.","robots":{"index":"index","follow":"follow","max-snippet":"max-snippet:-1","max-image-preview":"max-image-preview:large","max-video-preview":"max-video-preview:-1"},"canonical":"https:\/\/perfogroup.ch\/de\/newsletter\/","og_locale":"de_DE","og_type":"article","og_title":"Newsletter","og_description":"Incrivez-vous \u00e0 notre Newsletter pour rester inform\u00e9s de nos derni\u00e8res nouveaut\u00e9s et faire partie d\u2019une communaut\u00e9 privil\u00e9gi\u00e9e.","og_url":"https:\/\/perfogroup.ch\/de\/newsletter\/","og_site_name":"Perfogroup","article_modified_time":"2024-06-19T14:37:11+00:00","og_image":[{"width":1200,"height":675,"url":"https:\/\/perfogroup.ch\/wp-content\/uploads\/2023\/01\/perfogroup-image-site.jpg","type":"image\/jpeg"}],"twitter_card":"summary_large_image","twitter_misc":{"Gesch\u00e4tzte Lesezeit":"2\u00a0Minuten"},"schema":{"@context":"https:\/\/schema.org","@graph":[{"@type":"WebPage","@id":"https:\/\/perfogroup.ch\/newsletter\/","url":"https:\/\/perfogroup.ch\/newsletter\/","name":"Newsletter | Perfogroup","isPartOf":{"@id":"https:\/\/perfogroup.ch\/#website"},"datePublished":"2024-05-22T13:33:41+00:00","dateModified":"2024-06-19T14:37:11+00:00","description":"Treten Sie einer exklusiven Gemeinschaft bei und bleiben Sie stets auf dem neuesten Stand.","inLanguage":"de","potentialAction":[{"@type":"ReadAction","target":["https:\/\/perfogroup.ch\/newsletter\/"]}]},{"@type":"WebSite","@id":"https:\/\/perfogroup.ch\/#website","url":"https:\/\/perfogroup.ch\/","name":"Perfogroup","description":"Globale L\u00f6sung","publisher":{"@id":"https:\/\/perfogroup.ch\/#organization"},"potentialAction":[{"@type":"SearchAction","target":{"@type":"EntryPoint","urlTemplate":"https:\/\/perfogroup.ch\/?s={search_term_string}"},"query-input":{"@type":"PropertyValueSpecification","valueRequired":true,"valueName":"search_term_string"}}],"inLanguage":"de"},{"@type":"Organization","@id":"https:\/\/perfogroup.ch\/#organization","name":"Perfogroup","alternateName":"Perfolux | Perfolight | Perfosound","url":"https:\/\/perfogroup.ch\/","logo":{"@type":"ImageObject","inLanguage":"de","@id":"https:\/\/perfogroup.ch\/#\/schema\/logo\/image\/","url":"https:\/\/perfogroup.ch\/wp-content\/uploads\/2020\/05\/Logo_PERFOGROUP.svg","contentUrl":"https:\/\/perfogroup.ch\/wp-content\/uploads\/2020\/05\/Logo_PERFOGROUP.svg","width":167,"height":34,"caption":"Perfogroup"},"image":{"@id":"https:\/\/perfogroup.ch\/#\/schema\/logo\/image\/"},"sameAs":["https:\/\/www.instagram.com\/perfogroup","https:\/\/www.linkedin.com\/company\/perfolux-sa"]}]}},"_links":{"self":[{"href":"https:\/\/perfogroup.ch\/de\/wp-json\/wp\/v2\/pages\/10597","targetHints":{"allow":["GET"]}}],"collection":[{"href":"https:\/\/perfogroup.ch\/de\/wp-json\/wp\/v2\/pages"}],"about":[{"href":"https:\/\/perfogroup.ch\/de\/wp-json\/wp\/v2\/types\/page"}],"author":[{"embeddable":true,"href":"https:\/\/perfogroup.ch\/de\/wp-json\/wp\/v2\/users\/7"}],"replies":[{"embeddable":true,"href":"https:\/\/perfogroup.ch\/de\/wp-json\/wp\/v2\/comments?post=10597"}],"version-history":[{"count":46,"href":"https:\/\/perfogroup.ch\/de\/wp-json\/wp\/v2\/pages\/10597\/revisions"}],"predecessor-version":[{"id":10859,"href":"https:\/\/perfogroup.ch\/de\/wp-json\/wp\/v2\/pages\/10597\/revisions\/10859"}],"wp:attachment":[{"href":"https:\/\/perfogroup.ch\/de\/wp-json\/wp\/v2\/media?parent=10597"}],"curies":[{"name":"wp","href":"https:\/\/api.w.org\/{rel}","templated":true}]}}